{"id":3861,"date":"2018-07-26T07:17:24","date_gmt":"2018-07-26T11:17:24","guid":{"rendered":"https:\/\/www.anger-management.ca\/certification\/"},"modified":"2026-04-17T06:32:03","modified_gmt":"2026-04-17T10:32:03","slug":"certification","status":"publish","type":"page","link":"https:\/\/www.anger-management.ca\/fr\/certification\/","title":{"rendered":"Certification"},"content":{"rendered":"\t\t<div data-elementor-type=\"wp-page\" data-elementor-id=\"3861\" class=\"elementor elementor-3861 elementor-392\">\n\t\t\t\t<div class=\"elementor-element elementor-element-1f39ab1 e-flex e-con-boxed e-con e-parent\" data-id=\"1f39ab1\" data-element_type=\"container\" data-e-type=\"container\">\n\t\t\t\t\t<div class=\"e-con-inner\">\n\t\t<div class=\"elementor-element elementor-element-7352f2e e-con-full e-flex e-con e-child\" data-id=\"7352f2e\" data-element_type=\"container\" data-e-type=\"container\">\n\t\t\t\t<div class=\"elementor-element elementor-element-ac2823c elementor-widget elementor-widget-heading\" data-id=\"ac2823c\" data-element_type=\"widget\" data-e-type=\"widget\" data-widget_type=\"heading.default\">\n\t\t\t\t\t<h2 class=\"elementor-heading-title elementor-size-default\">Certification et conformit\u00e9<\/h2>\t\t\t\t<\/div>\n\t\t\t\t<div class=\"elementor-element elementor-element-29c51e0 elementor-widget elementor-widget-text-editor\" data-id=\"29c51e0\" data-element_type=\"widget\" data-e-type=\"widget\" data-widget_type=\"text-editor.default\">\n\t\t\t\t\t\t\t\t\t<p>\u00c0 la r\u00e9ussite du programme, les participants re\u00e7oivent un certificat bilingue (fran\u00e7ais et anglais), t\u00e9l\u00e9chargeable et imprimable.<\/p>\n<p>Pour les participants suivant le programme dans un cadre judiciaire, un service de transmission de rapport est disponible. Avec le consentement du participant, un rapport officiel attestant la compl\u00e9tion peut \u00eatre transmis au tribunal, \u00e0 un avocat, \u00e0 un agent de probation ou \u00e0 toute autre autorit\u00e9 comp\u00e9tente.<\/p>\n<p>Bien que le programme ait \u00e9t\u00e9 con\u00e7u pour r\u00e9pondre aux normes g\u00e9n\u00e9ralement exig\u00e9es par les tribunaux, les services de probation et les professionnels du droit au Canada, il est important de pr\u00e9ciser que son acceptation, ainsi que tout effet \u00e9ventuel sur une d\u00e9cision judiciaire, rel\u00e8vent exclusivement de la discr\u00e9tion du juge ou de l\u2019autorit\u00e9 l\u00e9gale comp\u00e9tente. La r\u00e9ussite du cours ne garantit en aucun cas un acquittement, une absolution, une r\u00e9duction de peine ou tout autre r\u00e9sultat juridique particulier. Seul un juge ou une autorit\u00e9 l\u00e9galement habilit\u00e9e peut statuer en tenant compte de l\u2019ensemble des circonstances propres \u00e0 chaque dossier.<\/p>\n\t\t\t\t\t\t\t\t<\/div>\n\t\t\t\t<div class=\"elementor-element elementor-element-c5d2aaf elementor-widget elementor-widget-image\" data-id=\"c5d2aaf\" data-element_type=\"widget\" data-e-type=\"widget\" data-widget_type=\"image.default\">\n\t\t\t\t\t\t\t\t\t\t\t\t\t\t\t<img fetchpriority=\"high\" decoding=\"async\" width=\"1000\" height=\"707\" src=\"https:\/\/www.anger-management.ca\/wp-content\/uploads\/2026\/02\/Anger-Management-Certificate.jpg\" class=\"attachment-full size-full wp-image-3155\" alt=\"\" srcset=\"https:\/\/www.anger-management.ca\/wp-content\/uploads\/2026\/02\/Anger-Management-Certificate.jpg 1000w, https:\/\/www.anger-management.ca\/wp-content\/uploads\/2026\/02\/Anger-Management-Certificate-300x212.jpg 300w, https:\/\/www.anger-management.ca\/wp-content\/uploads\/2026\/02\/Anger-Management-Certificate-768x543.jpg 768w, https:\/\/www.anger-management.ca\/wp-content\/uploads\/2026\/02\/Anger-Management-Certificate-850x600.jpg 850w\" sizes=\"(max-width: 1000px) 100vw, 1000px\" \/>\t\t\t\t\t\t\t\t\t\t\t\t\t\t\t<\/div>\n\t\t\t\t<\/div>\n\t\t\t\t\t<\/div>\n\t\t\t\t<\/div>\n\t\t\t\t<\/div>\n\t\t","protected":false},"excerpt":{"rendered":"<p>Certification et conformit\u00e9 \u00c0 la r\u00e9ussite du programme, les participants re\u00e7oivent un certificat bilingue (fran\u00e7ais et anglais), t\u00e9l\u00e9chargeable et imprimable. Pour les participants suivant le programme dans un cadre judiciaire, un service de transmission de rapport est disponible. Avec le consentement du participant, un rapport officiel attestant la compl\u00e9tion peut \u00eatre transmis au tribunal, \u00e0 [&hellip;]<\/p>\n","protected":false},"author":1,"featured_media":0,"parent":0,"menu_order":0,"comment_status":"closed","ping_status":"closed","template":"","meta":{"pmpro_default_level":"","footnotes":""},"class_list":["post-3861","page","type-page","status-publish","hentry","pmpro-has-access"],"aioseo_notices":[],"_links":{"self":[{"href":"https:\/\/www.anger-management.ca\/fr\/wp-json\/wp\/v2\/pages\/3861","targetHints":{"allow":["GET"]}}],"collection":[{"href":"https:\/\/www.anger-management.ca\/fr\/wp-json\/wp\/v2\/pages"}],"about":[{"href":"https:\/\/www.anger-management.ca\/fr\/wp-json\/wp\/v2\/types\/page"}],"author":[{"embeddable":true,"href":"https:\/\/www.anger-management.ca\/fr\/wp-json\/wp\/v2\/users\/1"}],"replies":[{"embeddable":true,"href":"https:\/\/www.anger-management.ca\/fr\/wp-json\/wp\/v2\/comments?post=3861"}],"version-history":[{"count":3,"href":"https:\/\/www.anger-management.ca\/fr\/wp-json\/wp\/v2\/pages\/3861\/revisions"}],"predecessor-version":[{"id":3874,"href":"https:\/\/www.anger-management.ca\/fr\/wp-json\/wp\/v2\/pages\/3861\/revisions\/3874"}],"wp:attachment":[{"href":"https:\/\/www.anger-management.ca\/fr\/wp-json\/wp\/v2\/media?parent=3861"}],"curies":[{"name":"wp","href":"https:\/\/api.w.org\/{rel}","templated":true}]}}