{"id":3860,"date":"2026-02-02T23:03:37","date_gmt":"2026-02-03T04:03:37","guid":{"rendered":"https:\/\/www.anger-management.ca\/confidentiality\/"},"modified":"2026-04-17T06:34:01","modified_gmt":"2026-04-17T10:34:01","slug":"confidentiality","status":"publish","type":"page","link":"https:\/\/www.anger-management.ca\/fr\/confidentiality\/","title":{"rendered":"Confidentialit\u00e9"},"content":{"rendered":"\t\t<div data-elementor-type=\"wp-page\" data-elementor-id=\"3860\" class=\"elementor elementor-3860 elementor-2720\">\n\t\t\t\t<div class=\"elementor-element elementor-element-d328563 e-flex e-con-boxed e-con e-parent\" data-id=\"d328563\" data-element_type=\"container\" data-e-type=\"container\">\n\t\t\t\t\t<div class=\"e-con-inner\">\n\t\t\t\t<div class=\"elementor-element elementor-element-eb0d03e elementor-widget elementor-widget-heading\" data-id=\"eb0d03e\" data-element_type=\"widget\" data-e-type=\"widget\" data-widget_type=\"heading.default\">\n\t\t\t\t\t<h2 class=\"elementor-heading-title elementor-size-default\">Confidentialit\u00e9<\/h2>\t\t\t\t<\/div>\n\t\t\t\t<div class=\"elementor-element elementor-element-05097b2 elementor-widget elementor-widget-text-editor\" data-id=\"05097b2\" data-element_type=\"widget\" data-e-type=\"widget\" data-widget_type=\"text-editor.default\">\n\t\t\t\t\t\t\t\t\t<p>La confidentialit\u00e9 et la protection des renseignements personnels sont assur\u00e9es tout au long du programme, dans le respect des obligations l\u00e9gales. Les donn\u00e9es sont conserv\u00e9es de mani\u00e8re s\u00e9curis\u00e9e et ne sont partag\u00e9es qu\u2019avec le consentement explicite du participant ou lorsque requis par une autorit\u00e9 comp\u00e9tente.<\/p>\n\t\t\t\t\t\t\t\t<\/div>\n\t\t\t\t<div class=\"elementor-element elementor-element-1178ced elementor-widget elementor-widget-stm_multy_separator\" data-id=\"1178ced\" data-element_type=\"widget\" data-e-type=\"widget\" data-widget_type=\"stm_multy_separator.default\">\n\t\t\t\t<div class=\"elementor-widget-container\">\n\t\t\t\t\t\n<div class=\"multiseparator masterstudy_elementor_multy_separator_\"><\/div>\n\t\t\t\t<\/div>\n\t\t\t\t<\/div>\n\t\t\t\t<div class=\"elementor-element elementor-element-a4a6c28 elementor-widget elementor-widget-hfe-basic-posts\" data-id=\"a4a6c28\" data-element_type=\"widget\" data-e-type=\"widget\" data-widget_type=\"hfe-basic-posts.default\">\n\t\t\t\t<div class=\"elementor-widget-container\">\n\t\t\t\t\t<p>No posts found.<\/p>\t\t\t\t<\/div>\n\t\t\t\t<\/div>\n\t\t\t\t\t<\/div>\n\t\t\t\t<\/div>\n\t\t\t\t<\/div>\n\t\t","protected":false},"excerpt":{"rendered":"<p>Confidentialit\u00e9 La confidentialit\u00e9 et la protection des renseignements personnels sont assur\u00e9es tout au long du programme, dans le respect des obligations l\u00e9gales. Les donn\u00e9es sont conserv\u00e9es de mani\u00e8re s\u00e9curis\u00e9e et ne sont partag\u00e9es qu\u2019avec le consentement explicite du participant ou lorsque requis par une autorit\u00e9 comp\u00e9tente. No posts found.<\/p>\n","protected":false},"author":1,"featured_media":0,"parent":0,"menu_order":0,"comment_status":"closed","ping_status":"closed","template":"","meta":{"pmpro_default_level":"","footnotes":""},"class_list":["post-3860","page","type-page","status-publish","hentry","pmpro-has-access"],"aioseo_notices":[],"_links":{"self":[{"href":"https:\/\/www.anger-management.ca\/fr\/wp-json\/wp\/v2\/pages\/3860","targetHints":{"allow":["GET"]}}],"collection":[{"href":"https:\/\/www.anger-management.ca\/fr\/wp-json\/wp\/v2\/pages"}],"about":[{"href":"https:\/\/www.anger-management.ca\/fr\/wp-json\/wp\/v2\/types\/page"}],"author":[{"embeddable":true,"href":"https:\/\/www.anger-management.ca\/fr\/wp-json\/wp\/v2\/users\/1"}],"replies":[{"embeddable":true,"href":"https:\/\/www.anger-management.ca\/fr\/wp-json\/wp\/v2\/comments?post=3860"}],"version-history":[{"count":4,"href":"https:\/\/www.anger-management.ca\/fr\/wp-json\/wp\/v2\/pages\/3860\/revisions"}],"predecessor-version":[{"id":3878,"href":"https:\/\/www.anger-management.ca\/fr\/wp-json\/wp\/v2\/pages\/3860\/revisions\/3878"}],"wp:attachment":[{"href":"https:\/\/www.anger-management.ca\/fr\/wp-json\/wp\/v2\/media?parent=3860"}],"curies":[{"name":"wp","href":"https:\/\/api.w.org\/{rel}","templated":true}]}}