{"id":3846,"date":"2022-08-10T04:24:21","date_gmt":"2022-08-10T08:24:21","guid":{"rendered":"https:\/\/www.anger-management.ca\/home\/"},"modified":"2026-04-16T21:37:52","modified_gmt":"2026-04-17T01:37:52","slug":"home","status":"publish","type":"page","link":"https:\/\/www.anger-management.ca\/fr\/","title":{"rendered":"Accueil\u00a0"},"content":{"rendered":"\t\t<div data-elementor-type=\"wp-page\" data-elementor-id=\"3846\" class=\"elementor elementor-3846 elementor-18\">\n\t\t\t\t\t\t<section class=\"elementor-section elementor-top-section elementor-element elementor-element-0bc57fe elementor-section-stretched elementor-section-boxed elementor-section-height-default elementor-section-height-default\" data-id=\"0bc57fe\" data-element_type=\"section\" data-e-type=\"section\" data-settings=\"{&quot;stretch_section&quot;:&quot;section-stretched&quot;,&quot;background_background&quot;:&quot;gradient&quot;,&quot;animation&quot;:&quot;none&quot;}\">\n\t\t\t\t\t\t\t<div class=\"elementor-background-overlay\"><\/div>\n\t\t\t\t\t\t\t<div class=\"elementor-container elementor-column-gap-no\">\n\t\t\t\t\t<div class=\"elementor-column elementor-col-100 elementor-top-column elementor-element elementor-element-914611f\" data-id=\"914611f\" data-element_type=\"column\" data-e-type=\"column\">\n\t\t\t<div class=\"elementor-widget-wrap elementor-element-populated\">\n\t\t\t\t\t\t<section class=\"elementor-section elementor-inner-section elementor-element elementor-element-f64512b elementor-section-boxed elementor-section-height-default elementor-section-height-default\" data-id=\"f64512b\" data-element_type=\"section\" data-e-type=\"section\">\n\t\t\t\t\t\t<div class=\"elementor-container elementor-column-gap-default\">\n\t\t\t\t\t<div class=\"elementor-column elementor-col-50 elementor-inner-column elementor-element elementor-element-32e5c32\" data-id=\"32e5c32\" data-element_type=\"column\" data-e-type=\"column\">\n\t\t\t<div class=\"elementor-widget-wrap elementor-element-populated\">\n\t\t\t\t\t\t<div class=\"elementor-element elementor-element-ac44fa9 elementor-widget elementor-widget-heading\" data-id=\"ac44fa9\" data-element_type=\"widget\" data-e-type=\"widget\" data-widget_type=\"heading.default\">\n\t\t\t\t\t<h1 class=\"elementor-heading-title elementor-size-default\">Le programme de gestion de la col\u00e8re <\/h1>\t\t\t\t<\/div>\n\t\t\t\t<div class=\"elementor-element elementor-element-3cc1480 elementor-widget elementor-widget-heading\" data-id=\"3cc1480\" data-element_type=\"widget\" data-e-type=\"widget\" data-widget_type=\"heading.default\">\n\t\t\t\t\t<h1 class=\"elementor-heading-title elementor-size-default\">En construction<\/h1>\t\t\t\t<\/div>\n\t\t\t\t<div class=\"elementor-element elementor-element-38ed5ec elementor-widget elementor-widget-text-editor\" data-id=\"38ed5ec\" data-element_type=\"widget\" data-e-type=\"widget\" data-widget_type=\"text-editor.default\">\n\t\t\t\t\t\t\t\t\t<p>Le programme de gestion de la col\u00e8re est une formation structur\u00e9e visant \u00e0 aider les participants \u00e0 mieux comprendre, apprivoiser et transformer leur rapport \u00e0 la col\u00e8re.\u00a0<\/p>\n\t\t\t\t\t\t\t\t<\/div>\n\t\t\t\t<div class=\"elementor-element elementor-element-2752715 elementor-align-left elementor-mobile-align-left elementor-widget elementor-widget-button\" data-id=\"2752715\" data-element_type=\"widget\" data-e-type=\"widget\" data-widget_type=\"button.default\">\n\t\t\t\t\t\t\t\t\t\t<a class=\"elementor-button elementor-button-link elementor-size-sm\" href=\"https:\/\/www.anger-management.ca\/courses\/anger-management-course\/\">\n\t\t\t\t\t\t<span class=\"elementor-button-content-wrapper\">\n\t\t\t\t\t\t\t\t\t<span class=\"elementor-button-text\">En savoir plus<\/span>\n\t\t\t\t\t<\/span>\n\t\t\t\t\t<\/a>\n\t\t\t\t\t\t\t\t<\/div>\n\t\t\t\t\t<\/div>\n\t\t<\/div>\n\t\t\t\t<div class=\"elementor-column elementor-col-50 elementor-inner-column elementor-element elementor-element-e1e6224 elementor-hidden-tablet elementor-hidden-mobile\" data-id=\"e1e6224\" data-element_type=\"column\" data-e-type=\"column\">\n\t\t\t<div class=\"elementor-widget-wrap elementor-element-populated\">\n\t\t\t\t\t\t<div class=\"elementor-element elementor-element-4af0442 elementor-widget elementor-widget-ms_lms_courses\" data-id=\"4af0442\" data-element_type=\"widget\" data-e-type=\"widget\" data-settings=\"{&quot;course_card_presets&quot;:&quot;card-style-6&quot;,&quot;cards_to_show_featured&quot;:1,&quot;card_slot_1&quot;:&quot;lectures&quot;,&quot;course_image_size&quot;:{&quot;width&quot;:&quot;1000&quot;,&quot;height&quot;:&quot;1000&quot;},&quot;cards_to_show&quot;:1,&quot;sort_by&quot;:&quot;date_low&quot;,&quot;type&quot;:&quot;courses-archive&quot;,&quot;slides_to_scroll&quot;:&quot;25%&quot;,&quot;slides_to_scroll_tablet&quot;:&quot;33.333333%&quot;,&quot;slides_to_scroll_mobile&quot;:&quot;100%&quot;,&quot;loop&quot;:&quot;true&quot;,&quot;cards_to_show_choice&quot;:&quot;number&quot;,&quot;cards_to_show_choice_featured&quot;:&quot;number&quot;,&quot;show_slots&quot;:&quot;yes&quot;,&quot;card_slot_2&quot;:&quot;views&quot;,&quot;featured_position&quot;:&quot;left&quot;,&quot;status_presets&quot;:&quot;status_style_1&quot;,&quot;status_position&quot;:&quot;right&quot;,&quot;show_instructor_label&quot;:&quot;yes&quot;,&quot;show_instructor_position&quot;:&quot;yes&quot;,&quot;show_instructor_bio&quot;:&quot;yes&quot;}\" data-widget_type=\"ms_lms_courses.default\">\n\t\t\t\t<div class=\"elementor-widget-container\">\n\t\t\t\t\t<div class=\"ms_lms_courses_archive\">\n\t\t<div class=\"ms_lms_courses_archive__content \">\n\t\t\t\t<div class=\"ms_lms_courses_card_wrapper\">\n\t\t\t\t\t\t<div class=\"ms_lms_courses_card card-style-6\">\n\t\t\t\t<div class=\"ms_lms_courses_archive__no-result\">\n\t<div class=\"ms_lms_courses_archive__no-result_background\">\n\t\t<i class=\"stmlms-not_found_courses\"><\/i>\n\t<\/div>\n\t<p>\n\t\tNo courses found\t<\/p>\n\t<a href=\"#\" class=\"ms_lms_courses_archive__no-result_reset\">\n\t\t<i class=\"stmlms-undo2\"><\/i>\n\t\t<span>Reset All<\/span>\n\t<\/a>\n<\/div>\n\t\t\t<\/div>\n\t\t\t<div class=\"ms_lms_courses_archive__pagination_wrapper\">\n\t\t\t\t\t\t\t<\/div>\n\t\t<\/div>\n\t<\/div>\n<\/div>\n\t\t\t\t<\/div>\n\t\t\t\t<\/div>\n\t\t\t\t\t<\/div>\n\t\t<\/div>\n\t\t\t\t\t<\/div>\n\t\t<\/section>\n\t\t\t\t\t<\/div>\n\t\t<\/div>\n\t\t\t\t\t<\/div>\n\t\t<\/section>\n\t\t\t\t<section class=\"elementor-section elementor-top-section elementor-element elementor-element-3e454c6 elementor-section-full_width elementor-section-stretched elementor-section-height-default elementor-section-height-default\" data-id=\"3e454c6\" data-element_type=\"section\" data-e-type=\"section\" data-settings=\"{&quot;stretch_section&quot;:&quot;section-stretched&quot;}\">\n\t\t\t\t\t\t<div class=\"elementor-container elementor-column-gap-no\">\n\t\t\t\t\t<div class=\"elementor-column elementor-col-100 elementor-top-column elementor-element elementor-element-25790b9\" data-id=\"25790b9\" data-element_type=\"column\" data-e-type=\"column\" data-settings=\"{&quot;background_background&quot;:&quot;classic&quot;}\">\n\t\t\t<div class=\"elementor-widget-wrap elementor-element-populated\">\n\t\t\t\t\t\t<section class=\"elementor-section elementor-inner-section elementor-element elementor-element-e6efc99 elementor-section-boxed elementor-section-height-default elementor-section-height-default\" data-id=\"e6efc99\" data-element_type=\"section\" data-e-type=\"section\">\n\t\t\t\t\t\t<div class=\"elementor-container elementor-column-gap-default\">\n\t\t\t\t\t<div class=\"elementor-column elementor-col-33 elementor-inner-column elementor-element elementor-element-a34e6d6\" data-id=\"a34e6d6\" data-element_type=\"column\" data-e-type=\"column\">\n\t\t\t<div class=\"elementor-widget-wrap elementor-element-populated\">\n\t\t\t\t\t\t<div class=\"elementor-element elementor-element-255b94a elementor-widget elementor-widget-icon-box\" data-id=\"255b94a\" data-element_type=\"widget\" data-e-type=\"widget\" data-widget_type=\"icon-box.default\">\n\t\t\t\t\t\t\t<div class=\"elementor-icon-box-wrapper\">\n\n\t\t\t\n\t\t\t\t\t\t<div class=\"elementor-icon-box-content\">\n\n\t\t\t\t\t\t\t\t\t<h3 class=\"elementor-icon-box-title\">\n\t\t\t\t\t\t<span  >\n\t\t\t\t\t\t\tFormat et accessibilit\u00e9\t\t\t\t\t\t<\/span>\n\t\t\t\t\t<\/h3>\n\t\t\t\t\n\t\t\t\t\t\t\t\t\t<p class=\"elementor-icon-box-description\">\n\t\t\t\t\t\tLe programme est offert en ligne, ce qui le rend accessible partout au Canada. Con\u00e7u pour un apprentissage autonome, il n\u00e9cessite environ 26 \u00e0 30 heures, selon le rythme et l\u2019engagement du participant.\t\t\t\t\t<\/p>\n\t\t\t\t\n\t\t\t<\/div>\n\t\t\t\n\t\t<\/div>\n\t\t\t\t\t\t<\/div>\n\t\t\t\t<div class=\"elementor-element elementor-element-80097eb elementor-align-left elementor-mobile-align-left elementor-widget elementor-widget-button\" data-id=\"80097eb\" data-element_type=\"widget\" data-e-type=\"widget\" data-widget_type=\"button.default\">\n\t\t\t\t\t\t\t\t\t\t<a class=\"elementor-button elementor-button-link elementor-size-sm\" href=\"https:\/\/www.anger-management.ca\/courses\/anger-management-course\/\">\n\t\t\t\t\t\t<span class=\"elementor-button-content-wrapper\">\n\t\t\t\t\t\t\t\t\t<span class=\"elementor-button-text\">En savoir plus<\/span>\n\t\t\t\t\t<\/span>\n\t\t\t\t\t<\/a>\n\t\t\t\t\t\t\t\t<\/div>\n\t\t\t\t\t<\/div>\n\t\t<\/div>\n\t\t\t\t<div class=\"elementor-column elementor-col-33 elementor-inner-column elementor-element elementor-element-7dba7eb\" data-id=\"7dba7eb\" data-element_type=\"column\" data-e-type=\"column\">\n\t\t\t<div class=\"elementor-widget-wrap elementor-element-populated\">\n\t\t\t\t\t\t<div class=\"elementor-element elementor-element-604f3a2 elementor-widget elementor-widget-icon-box\" data-id=\"604f3a2\" data-element_type=\"widget\" data-e-type=\"widget\" data-widget_type=\"icon-box.default\">\n\t\t\t\t\t\t\t<div class=\"elementor-icon-box-wrapper\">\n\n\t\t\t\n\t\t\t\t\t\t<div class=\"elementor-icon-box-content\">\n\n\t\t\t\t\t\t\t\t\t<h3 class=\"elementor-icon-box-title\">\n\t\t\t\t\t\t<span  >\n\t\t\t\t\t\t\tCertification et conformit\u00e9\t\t\t\t\t\t<\/span>\n\t\t\t\t\t<\/h3>\n\t\t\t\t\n\t\t\t\t\t\t\t\t\t<p class=\"elementor-icon-box-description\">\n\t\t\t\t\t\t\u00c0 la r\u00e9ussite du programme, les participants re\u00e7oivent un certificat bilingue. La r\u00e9ussite du cours ne garantit en aucun cas un acquittement, une absolution, une r\u00e9duction de peine ou tout autre r\u00e9sultat juridique particulier.\n\t\t\t\t\t<\/p>\n\t\t\t\t\n\t\t\t<\/div>\n\t\t\t\n\t\t<\/div>\n\t\t\t\t\t\t<\/div>\n\t\t\t\t<div class=\"elementor-element elementor-element-a6e6021 elementor-align-left elementor-mobile-align-left elementor-widget elementor-widget-button\" data-id=\"a6e6021\" data-element_type=\"widget\" data-e-type=\"widget\" data-widget_type=\"button.default\">\n\t\t\t\t\t\t\t\t\t\t<a class=\"elementor-button elementor-button-link elementor-size-sm\" href=\"https:\/\/www.anger-management.ca\/certification\/\">\n\t\t\t\t\t\t<span class=\"elementor-button-content-wrapper\">\n\t\t\t\t\t\t\t\t\t<span class=\"elementor-button-text\">En savoir plus<\/span>\n\t\t\t\t\t<\/span>\n\t\t\t\t\t<\/a>\n\t\t\t\t\t\t\t\t<\/div>\n\t\t\t\t\t<\/div>\n\t\t<\/div>\n\t\t\t\t<div class=\"elementor-column elementor-col-33 elementor-inner-column elementor-element elementor-element-6454165\" data-id=\"6454165\" data-element_type=\"column\" data-e-type=\"column\">\n\t\t\t<div class=\"elementor-widget-wrap elementor-element-populated\">\n\t\t\t\t\t\t<div class=\"elementor-element elementor-element-216810f elementor-widget elementor-widget-icon-box\" data-id=\"216810f\" data-element_type=\"widget\" data-e-type=\"widget\" data-widget_type=\"icon-box.default\">\n\t\t\t\t\t\t\t<div class=\"elementor-icon-box-wrapper\">\n\n\t\t\t\n\t\t\t\t\t\t<div class=\"elementor-icon-box-content\">\n\n\t\t\t\t\t\t\t\t\t<h3 class=\"elementor-icon-box-title\">\n\t\t\t\t\t\t<span  >\n\t\t\t\t\t\t\tConfidentialit\u00e9\t\t\t\t\t\t<\/span>\n\t\t\t\t\t<\/h3>\n\t\t\t\t\n\t\t\t\t\t\t\t\t\t<p class=\"elementor-icon-box-description\">\n\t\t\t\t\t\tLa confidentialit\u00e9 et la protection des renseignements personnels sont assur\u00e9es tout au long du programme, dans le respect des obligations l\u00e9gales. Les donn\u00e9es ne sont partag\u00e9es qu\u2019avec le consentement explicite du participant.\t\t\t\t\t<\/p>\n\t\t\t\t\n\t\t\t<\/div>\n\t\t\t\n\t\t<\/div>\n\t\t\t\t\t\t<\/div>\n\t\t\t\t<div class=\"elementor-element elementor-element-63c652d elementor-align-left elementor-mobile-align-left elementor-widget elementor-widget-button\" data-id=\"63c652d\" data-element_type=\"widget\" data-e-type=\"widget\" data-widget_type=\"button.default\">\n\t\t\t\t\t\t\t\t\t\t<a class=\"elementor-button elementor-button-link elementor-size-sm\" href=\"https:\/\/www.anger-management.ca\/confidentiality\/\">\n\t\t\t\t\t\t<span class=\"elementor-button-content-wrapper\">\n\t\t\t\t\t\t\t\t\t<span class=\"elementor-button-text\">En savoir plus<\/span>\n\t\t\t\t\t<\/span>\n\t\t\t\t\t<\/a>\n\t\t\t\t\t\t\t\t<\/div>\n\t\t\t\t\t<\/div>\n\t\t<\/div>\n\t\t\t\t\t<\/div>\n\t\t<\/section>\n\t\t\t\t\t<\/div>\n\t\t<\/div>\n\t\t\t\t\t<\/div>\n\t\t<\/section>\n\t\t\t\t<section class=\"elementor-section elementor-top-section elementor-element elementor-element-d207a6f elementor-section-stretched elementor-section-boxed elementor-section-height-default elementor-section-height-default\" data-id=\"d207a6f\" data-element_type=\"section\" data-e-type=\"section\" data-settings=\"{&quot;stretch_section&quot;:&quot;section-stretched&quot;,&quot;background_background&quot;:&quot;classic&quot;}\">\n\t\t\t\t\t\t<div class=\"elementor-container elementor-column-gap-default\">\n\t\t\t\t\t<div class=\"elementor-column elementor-col-100 elementor-top-column elementor-element elementor-element-5c3df37\" data-id=\"5c3df37\" data-element_type=\"column\" data-e-type=\"column\">\n\t\t\t<div class=\"elementor-widget-wrap elementor-element-populated\">\n\t\t\t\t\t\t<section class=\"elementor-section elementor-inner-section elementor-element elementor-element-7851d5b elementor-section-boxed elementor-section-height-default elementor-section-height-default\" data-id=\"7851d5b\" data-element_type=\"section\" data-e-type=\"section\">\n\t\t\t\t\t\t<div class=\"elementor-container elementor-column-gap-no\">\n\t\t\t\t\t<div class=\"elementor-column elementor-col-50 elementor-inner-column elementor-element elementor-element-b66faf2\" data-id=\"b66faf2\" data-element_type=\"column\" data-e-type=\"column\">\n\t\t\t<div class=\"elementor-widget-wrap elementor-element-populated\">\n\t\t\t\t\t\t<div class=\"elementor-element elementor-element-3d3857f elementor-widget elementor-widget-heading\" data-id=\"3d3857f\" data-element_type=\"widget\" data-e-type=\"widget\" data-widget_type=\"heading.default\">\n\t\t\t\t\t<h2 class=\"elementor-heading-title elementor-size-default\">S\u00e9lectionnez votre cours<\/h2>\t\t\t\t<\/div>\n\t\t\t\t\t<\/div>\n\t\t<\/div>\n\t\t\t\t<div class=\"elementor-column elementor-col-50 elementor-inner-column elementor-element elementor-element-745be15\" data-id=\"745be15\" data-element_type=\"column\" data-e-type=\"column\">\n\t\t\t<div class=\"elementor-widget-wrap elementor-element-populated\">\n\t\t\t\t\t\t<div class=\"elementor-element elementor-element-96a4553 elementor-align-right elementor-mobile-align-center elementor-widget elementor-widget-button\" data-id=\"96a4553\" data-element_type=\"widget\" data-e-type=\"widget\" data-widget_type=\"button.default\">\n\t\t\t\t\t\t\t\t\t\t<a class=\"elementor-button elementor-button-link elementor-size-sm\" href=\"https:\/\/www.anger-management.ca\/courses\/\">\n\t\t\t\t\t\t<span class=\"elementor-button-content-wrapper\">\n\t\t\t\t\t\t\t\t\t<span class=\"elementor-button-text\">Explorez le cours dans d\u2019autres langues<\/span>\n\t\t\t\t\t<\/span>\n\t\t\t\t\t<\/a>\n\t\t\t\t\t\t\t\t<\/div>\n\t\t\t\t\t<\/div>\n\t\t<\/div>\n\t\t\t\t\t<\/div>\n\t\t<\/section>\n\t\t\t\t<section class=\"elementor-section elementor-inner-section elementor-element elementor-element-554d8b5 elementor-section-content-middle elementor-section-boxed elementor-section-height-default elementor-section-height-default\" data-id=\"554d8b5\" data-element_type=\"section\" data-e-type=\"section\">\n\t\t\t\t\t\t<div class=\"elementor-container elementor-column-gap-default\">\n\t\t\t\t\t<div class=\"elementor-column elementor-col-50 elementor-inner-column elementor-element elementor-element-de17104\" data-id=\"de17104\" data-element_type=\"column\" data-e-type=\"column\">\n\t\t\t<div class=\"elementor-widget-wrap elementor-element-populated\">\n\t\t\t\t\t\t<div class=\"elementor-element elementor-element-4e89b8b elementor-widget elementor-widget-ms_lms_courses\" data-id=\"4e89b8b\" data-element_type=\"widget\" data-e-type=\"widget\" data-settings=\"{&quot;course_card_presets&quot;:&quot;card-style-6&quot;,&quot;cards_to_show_featured&quot;:1,&quot;card_slot_1&quot;:&quot;lectures&quot;,&quot;course_image_size&quot;:{&quot;width&quot;:&quot;1000&quot;,&quot;height&quot;:&quot;1000&quot;},&quot;cards_to_show&quot;:1,&quot;sort_by&quot;:&quot;date_low&quot;,&quot;type&quot;:&quot;courses-archive&quot;,&quot;slides_to_scroll&quot;:&quot;25%&quot;,&quot;slides_to_scroll_tablet&quot;:&quot;33.333333%&quot;,&quot;slides_to_scroll_mobile&quot;:&quot;100%&quot;,&quot;loop&quot;:&quot;true&quot;,&quot;cards_to_show_choice&quot;:&quot;number&quot;,&quot;cards_to_show_choice_featured&quot;:&quot;number&quot;,&quot;show_slots&quot;:&quot;yes&quot;,&quot;card_slot_2&quot;:&quot;views&quot;,&quot;featured_position&quot;:&quot;left&quot;,&quot;status_presets&quot;:&quot;status_style_1&quot;,&quot;status_position&quot;:&quot;right&quot;,&quot;show_instructor_label&quot;:&quot;yes&quot;,&quot;show_instructor_position&quot;:&quot;yes&quot;,&quot;show_instructor_bio&quot;:&quot;yes&quot;}\" data-widget_type=\"ms_lms_courses.default\">\n\t\t\t\t<div class=\"elementor-widget-container\">\n\t\t\t\t\t<div class=\"ms_lms_courses_archive\">\n\t\t<div class=\"ms_lms_courses_archive__content \">\n\t\t\t\t<div class=\"ms_lms_courses_card_wrapper\">\n\t\t\t\t\t\t<div class=\"ms_lms_courses_card card-style-6\">\n\t\t\t\t<div class=\"ms_lms_courses_archive__no-result\">\n\t<div class=\"ms_lms_courses_archive__no-result_background\">\n\t\t<i class=\"stmlms-not_found_courses\"><\/i>\n\t<\/div>\n\t<p>\n\t\tNo courses found\t<\/p>\n\t<a href=\"#\" class=\"ms_lms_courses_archive__no-result_reset\">\n\t\t<i class=\"stmlms-undo2\"><\/i>\n\t\t<span>Reset All<\/span>\n\t<\/a>\n<\/div>\n\t\t\t<\/div>\n\t\t\t<div class=\"ms_lms_courses_archive__pagination_wrapper\">\n\t\t\t\t\t\t\t<\/div>\n\t\t<\/div>\n\t<\/div>\n<\/div>\n\t\t\t\t<\/div>\n\t\t\t\t<\/div>\n\t\t\t\t\t<\/div>\n\t\t<\/div>\n\t\t\t\t<div class=\"elementor-column elementor-col-50 elementor-inner-column elementor-element elementor-element-3840bd7\" data-id=\"3840bd7\" data-element_type=\"column\" data-e-type=\"column\">\n\t\t\t<div class=\"elementor-widget-wrap elementor-element-populated\">\n\t\t\t\t\t\t<div class=\"elementor-element elementor-element-8989b5d elementor-widget elementor-widget-ms_lms_courses\" data-id=\"8989b5d\" data-element_type=\"widget\" data-e-type=\"widget\" data-settings=\"{&quot;course_card_presets&quot;:&quot;card-style-6&quot;,&quot;cards_to_show_featured&quot;:1,&quot;card_slot_1&quot;:&quot;lectures&quot;,&quot;course_image_size&quot;:{&quot;width&quot;:&quot;1000&quot;,&quot;height&quot;:&quot;1000&quot;},&quot;cards_to_show&quot;:1,&quot;type&quot;:&quot;courses-archive&quot;,&quot;slides_to_scroll&quot;:&quot;25%&quot;,&quot;slides_to_scroll_tablet&quot;:&quot;33.333333%&quot;,&quot;slides_to_scroll_mobile&quot;:&quot;100%&quot;,&quot;loop&quot;:&quot;true&quot;,&quot;cards_to_show_choice&quot;:&quot;number&quot;,&quot;cards_to_show_choice_featured&quot;:&quot;number&quot;,&quot;sort_by&quot;:&quot;date_high&quot;,&quot;show_slots&quot;:&quot;yes&quot;,&quot;card_slot_2&quot;:&quot;views&quot;,&quot;featured_position&quot;:&quot;left&quot;,&quot;status_presets&quot;:&quot;status_style_1&quot;,&quot;status_position&quot;:&quot;right&quot;,&quot;show_instructor_label&quot;:&quot;yes&quot;,&quot;show_instructor_position&quot;:&quot;yes&quot;,&quot;show_instructor_bio&quot;:&quot;yes&quot;}\" data-widget_type=\"ms_lms_courses.default\">\n\t\t\t\t<div class=\"elementor-widget-container\">\n\t\t\t\t\t<div class=\"ms_lms_courses_archive\">\n\t\t<div class=\"ms_lms_courses_archive__content \">\n\t\t\t\t<div class=\"ms_lms_courses_card_wrapper\">\n\t\t\t\t\t\t<div class=\"ms_lms_courses_card card-style-6\">\n\t\t\t\t<div class=\"ms_lms_courses_archive__no-result\">\n\t<div class=\"ms_lms_courses_archive__no-result_background\">\n\t\t<i class=\"stmlms-not_found_courses\"><\/i>\n\t<\/div>\n\t<p>\n\t\tNo courses found\t<\/p>\n\t<a href=\"#\" class=\"ms_lms_courses_archive__no-result_reset\">\n\t\t<i class=\"stmlms-undo2\"><\/i>\n\t\t<span>Reset All<\/span>\n\t<\/a>\n<\/div>\n\t\t\t<\/div>\n\t\t\t<div class=\"ms_lms_courses_archive__pagination_wrapper\">\n\t\t\t\t\t\t\t<\/div>\n\t\t<\/div>\n\t<\/div>\n<\/div>\n\t\t\t\t<\/div>\n\t\t\t\t<\/div>\n\t\t\t\t\t<\/div>\n\t\t<\/div>\n\t\t\t\t\t<\/div>\n\t\t<\/section>\n\t\t\t\t\t<\/div>\n\t\t<\/div>\n\t\t\t\t\t<\/div>\n\t\t<\/section>\n\t\t\t\t<section class=\"elementor-section elementor-top-section elementor-element elementor-element-a2d9403 elementor-section-stretched elementor-section-boxed elementor-section-height-default elementor-section-height-default\" data-id=\"a2d9403\" data-element_type=\"section\" data-e-type=\"section\" data-settings=\"{&quot;stretch_section&quot;:&quot;section-stretched&quot;,&quot;background_background&quot;:&quot;classic&quot;}\">\n\t\t\t\t\t\t<div class=\"elementor-container elementor-column-gap-default\">\n\t\t\t\t\t<div class=\"elementor-column elementor-col-100 elementor-top-column elementor-element elementor-element-afc8ed3\" data-id=\"afc8ed3\" data-element_type=\"column\" data-e-type=\"column\">\n\t\t\t<div class=\"elementor-widget-wrap elementor-element-populated\">\n\t\t\t\t\t\t<section class=\"elementor-section elementor-inner-section elementor-element elementor-element-b593b94 elementor-section-boxed elementor-section-height-default elementor-section-height-default\" data-id=\"b593b94\" data-element_type=\"section\" data-e-type=\"section\">\n\t\t\t\t\t\t<div class=\"elementor-container elementor-column-gap-no\">\n\t\t\t\t\t<div class=\"elementor-column elementor-col-50 elementor-inner-column elementor-element elementor-element-16bbb8e\" data-id=\"16bbb8e\" data-element_type=\"column\" data-e-type=\"column\">\n\t\t\t<div class=\"elementor-widget-wrap elementor-element-populated\">\n\t\t\t\t\t\t<div class=\"elementor-element elementor-element-5af68bc elementor-widget elementor-widget-heading\" data-id=\"5af68bc\" data-element_type=\"widget\" data-e-type=\"widget\" data-widget_type=\"heading.default\">\n\t\t\t\t\t<h2 class=\"elementor-heading-title elementor-size-default\">\u00c9v\u00e9nements et webinaires<\/h2>\t\t\t\t<\/div>\n\t\t\t\t\t<\/div>\n\t\t<\/div>\n\t\t\t\t<div class=\"elementor-column elementor-col-50 elementor-inner-column elementor-element elementor-element-f35f975\" data-id=\"f35f975\" data-element_type=\"column\" data-e-type=\"column\">\n\t\t\t<div class=\"elementor-widget-wrap elementor-element-populated\">\n\t\t\t\t\t\t<div class=\"elementor-element elementor-element-68442a3 elementor-align-right elementor-mobile-align-center elementor-widget elementor-widget-button\" data-id=\"68442a3\" data-element_type=\"widget\" data-e-type=\"widget\" data-widget_type=\"button.default\">\n\t\t\t\t\t\t\t\t\t\t<a class=\"elementor-button elementor-button-link elementor-size-sm\" href=\"\/events\/\">\n\t\t\t\t\t\t<span class=\"elementor-button-content-wrapper\">\n\t\t\t\t\t\t\t\t\t<span class=\"elementor-button-text\">Tous les webinaires<\/span>\n\t\t\t\t\t<\/span>\n\t\t\t\t\t<\/a>\n\t\t\t\t\t\t\t\t<\/div>\n\t\t\t\t\t<\/div>\n\t\t<\/div>\n\t\t\t\t\t<\/div>\n\t\t<\/section>\n\t\t\t\t<section class=\"elementor-section elementor-inner-section elementor-element elementor-element-c23f8ae elementor-section-content-middle elementor-section-boxed elementor-section-height-default elementor-section-height-default\" data-id=\"c23f8ae\" data-element_type=\"section\" data-e-type=\"section\">\n\t\t\t\t\t\t<div class=\"elementor-container elementor-column-gap-default\">\n\t\t\t\t\t<div class=\"elementor-column elementor-col-100 elementor-inner-column elementor-element elementor-element-5aba4c1\" data-id=\"5aba4c1\" data-element_type=\"column\" data-e-type=\"column\">\n\t\t\t<div class=\"elementor-widget-wrap elementor-element-populated\">\n\t\t\t\t\t\t<div class=\"elementor-element elementor-element-4070d58 elementor-widget-mobile__width-inherit elementor-widget elementor-widget-stm_events_grid\" data-id=\"4070d58\" data-element_type=\"widget\" data-e-type=\"widget\" data-widget_type=\"stm_events_grid.default\">\n\t\t\t\t<div class=\"elementor-widget-container\">\n\t\t\t\t\t\n\t\t\t\t<\/div>\n\t\t\t\t<\/div>\n\t\t\t\t\t<\/div>\n\t\t<\/div>\n\t\t\t\t\t<\/div>\n\t\t<\/section>\n\t\t\t\t\t<\/div>\n\t\t<\/div>\n\t\t\t\t\t<\/div>\n\t\t<\/section>\n\t\t<div class=\"elementor-element elementor-element-c97767b e-con-full e-flex e-con e-parent\" data-id=\"c97767b\" data-element_type=\"container\" data-e-type=\"container\">\n\t\t\t\t<div class=\"elementor-element elementor-element-dd39e81 elementor-widget elementor-widget-hfe-basic-posts\" data-id=\"dd39e81\" data-element_type=\"widget\" data-e-type=\"widget\" data-widget_type=\"hfe-basic-posts.default\">\n\t\t\t\t<div class=\"elementor-widget-container\">\n\t\t\t\t\t<p>No posts found.<\/p>\t\t\t\t<\/div>\n\t\t\t\t<\/div>\n\t\t\t\t<\/div>\n\t\t\t\t<\/div>\n\t\t","protected":false},"excerpt":{"rendered":"<p>Le programme de gestion de la col\u00e8re En construction Le programme de gestion de la col\u00e8re est une formation structur\u00e9e visant \u00e0 aider les participants \u00e0 mieux comprendre, apprivoiser et transformer leur rapport \u00e0 la col\u00e8re.\u00a0 En savoir plus No courses found Reset All Format et accessibilit\u00e9 Le programme est offert en ligne, ce qui [&hellip;]<\/p>\n","protected":false},"author":1,"featured_media":0,"parent":0,"menu_order":0,"comment_status":"closed","ping_status":"closed","template":"","meta":{"pmpro_default_level":"","footnotes":""},"class_list":["post-3846","page","type-page","status-publish","hentry","pmpro-has-access"],"aioseo_notices":[],"_links":{"self":[{"href":"https:\/\/www.anger-management.ca\/fr\/wp-json\/wp\/v2\/pages\/3846","targetHints":{"allow":["GET"]}}],"collection":[{"href":"https:\/\/www.anger-management.ca\/fr\/wp-json\/wp\/v2\/pages"}],"about":[{"href":"https:\/\/www.anger-management.ca\/fr\/wp-json\/wp\/v2\/types\/page"}],"author":[{"embeddable":true,"href":"https:\/\/www.anger-management.ca\/fr\/wp-json\/wp\/v2\/users\/1"}],"replies":[{"embeddable":true,"href":"https:\/\/www.anger-management.ca\/fr\/wp-json\/wp\/v2\/comments?post=3846"}],"version-history":[{"count":7,"href":"https:\/\/www.anger-management.ca\/fr\/wp-json\/wp\/v2\/pages\/3846\/revisions"}],"predecessor-version":[{"id":3864,"href":"https:\/\/www.anger-management.ca\/fr\/wp-json\/wp\/v2\/pages\/3846\/revisions\/3864"}],"wp:attachment":[{"href":"https:\/\/www.anger-management.ca\/fr\/wp-json\/wp\/v2\/media?parent=3846"}],"curies":[{"name":"wp","href":"https:\/\/api.w.org\/{rel}","templated":true}]}}